{"id":97,"date":"2016-01-09T18:04:14","date_gmt":"2016-01-09T17:04:14","guid":{"rendered":"http:\/\/37bontemps.fr\/?page_id=97"},"modified":"2023-03-27T18:24:37","modified_gmt":"2023-03-27T17:24:37","slug":"documents-utiles","status":"publish","type":"page","link":"https:\/\/37bontemps.fr\/index.php\/documents-utiles\/","title":{"rendered":"Documents Utiles"},"content":{"rendered":"\t\t<div data-elementor-type=\"wp-page\" data-elementor-id=\"97\" class=\"elementor elementor-97\">\n\t\t\t\t\t\t<section class=\"elementor-section elementor-top-section elementor-element elementor-element-a93a718 elementor-section-boxed elementor-section-height-default elementor-section-height-default\" data-id=\"a93a718\" data-element_type=\"section\" data-e-type=\"section\">\n\t\t\t\t\t\t<div class=\"elementor-container elementor-column-gap-default\">\n\t\t\t\t\t<div class=\"elementor-column elementor-col-100 elementor-top-column elementor-element elementor-element-e075ddf\" data-id=\"e075ddf\" data-element_type=\"column\" data-e-type=\"column\">\n\t\t\t<div class=\"elementor-widget-wrap elementor-element-populated\">\n\t\t\t\t\t\t<div class=\"elementor-element elementor-element-b624a1f elementor-widget elementor-widget-image\" data-id=\"b624a1f\" data-element_type=\"widget\" data-e-type=\"widget\" data-widget_type=\"image.default\">\n\t\t\t\t<div class=\"elementor-widget-container\">\n\t\t\t\t\t\t\t\t\t\t\t\t\t\t\t<img decoding=\"async\" width=\"308\" height=\"50\" src=\"https:\/\/37bontemps.fr\/wp-content\/uploads\/2016\/01\/cropped-LOsange-1.png\" class=\"attachment-large size-large wp-image-331\" alt=\"\" srcset=\"https:\/\/37bontemps.fr\/wp-content\/uploads\/2016\/01\/cropped-LOsange-1.png 308w, https:\/\/37bontemps.fr\/wp-content\/uploads\/2016\/01\/cropped-LOsange-1-300x49.png 300w, https:\/\/37bontemps.fr\/wp-content\/uploads\/2016\/01\/cropped-LOsange-1-150x24.png 150w\" sizes=\"(max-width: 308px) 100vw, 308px\" \/>\t\t\t\t\t\t\t\t\t\t\t\t\t\t\t<\/div>\n\t\t\t\t<\/div>\n\t\t\t\t\t<\/div>\n\t\t<\/div>\n\t\t\t\t\t<\/div>\n\t\t<\/section>\n\t\t\t\t<section class=\"elementor-section elementor-top-section elementor-element elementor-element-20d8485 elementor-section-boxed elementor-section-height-default elementor-section-height-default\" data-id=\"20d8485\" data-element_type=\"section\" data-e-type=\"section\">\n\t\t\t\t\t\t<div class=\"elementor-container elementor-column-gap-default\">\n\t\t\t\t\t<div class=\"elementor-column elementor-col-100 elementor-top-column elementor-element elementor-element-e7757b1\" data-id=\"e7757b1\" data-element_type=\"column\" data-e-type=\"column\">\n\t\t\t<div class=\"elementor-widget-wrap elementor-element-populated\">\n\t\t\t\t\t\t<div class=\"elementor-element elementor-element-f8b8087 elementor-widget elementor-widget-spacer\" data-id=\"f8b8087\" data-element_type=\"widget\" data-e-type=\"widget\" data-widget_type=\"spacer.default\">\n\t\t\t\t<div class=\"elementor-widget-container\">\n\t\t\t\t\t\t\t<div class=\"elementor-spacer\">\n\t\t\t<div class=\"elementor-spacer-inner\"><\/div>\n\t\t<\/div>\n\t\t\t\t\t\t<\/div>\n\t\t\t\t<\/div>\n\t\t\t\t\t<\/div>\n\t\t<\/div>\n\t\t\t\t\t<\/div>\n\t\t<\/section>\n\t\t\t\t<section class=\"elementor-section elementor-top-section elementor-element elementor-element-5b5f448 elementor-section-boxed elementor-section-height-default elementor-section-height-default\" data-id=\"5b5f448\" data-element_type=\"section\" data-e-type=\"section\" data-settings=\"{&quot;background_background&quot;:&quot;classic&quot;}\">\n\t\t\t\t\t\t<div class=\"elementor-container elementor-column-gap-default\">\n\t\t\t\t\t<div class=\"elementor-column elementor-col-100 elementor-top-column elementor-element elementor-element-58db11f\" data-id=\"58db11f\" data-element_type=\"column\" data-e-type=\"column\">\n\t\t\t<div class=\"elementor-widget-wrap elementor-element-populated\">\n\t\t\t\t\t\t<div class=\"elementor-element elementor-element-4b00e89 elementor-widget elementor-widget-heading\" data-id=\"4b00e89\" data-element_type=\"widget\" data-e-type=\"widget\" data-widget_type=\"heading.default\">\n\t\t\t\t<div class=\"elementor-widget-container\">\n\t\t\t\t\t<h2 class=\"elementor-heading-title elementor-size-default\">R\u00e9glement de copropri\u00e9t\u00e9<\/h2>\t\t\t\t<\/div>\n\t\t\t\t<\/div>\n\t\t\t\t\t<\/div>\n\t\t<\/div>\n\t\t\t\t\t<\/div>\n\t\t<\/section>\n\t\t\t\t<section class=\"elementor-section elementor-top-section elementor-element elementor-element-55ccdd8 elementor-section-boxed elementor-section-height-default elementor-section-height-default\" data-id=\"55ccdd8\" data-element_type=\"section\" data-e-type=\"section\">\n\t\t\t\t\t\t<div class=\"elementor-container elementor-column-gap-default\">\n\t\t\t\t\t<div class=\"elementor-column elementor-col-100 elementor-top-column elementor-element elementor-element-5652761\" data-id=\"5652761\" data-element_type=\"column\" data-e-type=\"column\">\n\t\t\t<div class=\"elementor-widget-wrap elementor-element-populated\">\n\t\t\t\t\t\t<div class=\"elementor-element elementor-element-4902f04 elementor-widget elementor-widget-text-editor\" data-id=\"4902f04\" data-element_type=\"widget\" data-e-type=\"widget\" data-widget_type=\"text-editor.default\">\n\t\t\t\t<div class=\"elementor-widget-container\">\n\t\t\t\t\t\t\t\t\t<p>Ce <a href=\"http:\/\/37bontemps.fr\/wp-content\/uploads\/2016\/02\/LOSANGE-Reglt-Copro.pdf\">r\u00e8glement<\/a> est applicable \u00e0 toutes et tous, copropri\u00e9taires et locataires.<\/p>\t\t\t\t\t\t\t\t<\/div>\n\t\t\t\t<\/div>\n\t\t\t\t\t<\/div>\n\t\t<\/div>\n\t\t\t\t\t<\/div>\n\t\t<\/section>\n\t\t\t\t<section class=\"elementor-section elementor-top-section elementor-element elementor-element-27b8a30 elementor-section-boxed elementor-section-height-default elementor-section-height-default\" data-id=\"27b8a30\" data-element_type=\"section\" data-e-type=\"section\">\n\t\t\t\t\t\t<div class=\"elementor-container elementor-column-gap-default\">\n\t\t\t\t\t<div class=\"elementor-column elementor-col-100 elementor-top-column elementor-element elementor-element-ba59543\" data-id=\"ba59543\" data-element_type=\"column\" data-e-type=\"column\">\n\t\t\t<div class=\"elementor-widget-wrap elementor-element-populated\">\n\t\t\t\t\t\t<div class=\"elementor-element elementor-element-977dfbd elementor-widget elementor-widget-spacer\" data-id=\"977dfbd\" data-element_type=\"widget\" data-e-type=\"widget\" data-widget_type=\"spacer.default\">\n\t\t\t\t<div class=\"elementor-widget-container\">\n\t\t\t\t\t\t\t<div class=\"elementor-spacer\">\n\t\t\t<div class=\"elementor-spacer-inner\"><\/div>\n\t\t<\/div>\n\t\t\t\t\t\t<\/div>\n\t\t\t\t<\/div>\n\t\t\t\t\t<\/div>\n\t\t<\/div>\n\t\t\t\t\t<\/div>\n\t\t<\/section>\n\t\t\t\t<section class=\"elementor-section elementor-top-section elementor-element elementor-element-e0da6f6 elementor-section-boxed elementor-section-height-default elementor-section-height-default\" data-id=\"e0da6f6\" data-element_type=\"section\" data-e-type=\"section\" data-settings=\"{&quot;background_background&quot;:&quot;classic&quot;}\">\n\t\t\t\t\t\t<div class=\"elementor-container elementor-column-gap-default\">\n\t\t\t\t\t<div class=\"elementor-column elementor-col-100 elementor-top-column elementor-element elementor-element-24eba75\" data-id=\"24eba75\" data-element_type=\"column\" data-e-type=\"column\">\n\t\t\t<div class=\"elementor-widget-wrap elementor-element-populated\">\n\t\t\t\t\t\t<div class=\"elementor-element elementor-element-8047d28 elementor-widget elementor-widget-heading\" data-id=\"8047d28\" data-element_type=\"widget\" data-e-type=\"widget\" data-widget_type=\"heading.default\">\n\t\t\t\t<div class=\"elementor-widget-container\">\n\t\t\t\t\t<h2 class=\"elementor-heading-title elementor-size-default\">D\u00e9mat\u00e9rialisation<\/h2>\t\t\t\t<\/div>\n\t\t\t\t<\/div>\n\t\t\t\t\t<\/div>\n\t\t<\/div>\n\t\t\t\t\t<\/div>\n\t\t<\/section>\n\t\t\t\t<section class=\"elementor-section elementor-top-section elementor-element elementor-element-6f3ab1c elementor-section-boxed elementor-section-height-default elementor-section-height-default\" data-id=\"6f3ab1c\" data-element_type=\"section\" data-e-type=\"section\">\n\t\t\t\t\t\t<div class=\"elementor-container elementor-column-gap-default\">\n\t\t\t\t\t<div class=\"elementor-column elementor-col-100 elementor-top-column elementor-element elementor-element-61d45c6\" data-id=\"61d45c6\" data-element_type=\"column\" data-e-type=\"column\">\n\t\t\t<div class=\"elementor-widget-wrap elementor-element-populated\">\n\t\t\t\t\t\t<div class=\"elementor-element elementor-element-68e6dac elementor-widget elementor-widget-text-editor\" data-id=\"68e6dac\" data-element_type=\"widget\" data-e-type=\"widget\" data-widget_type=\"text-editor.default\">\n\t\t\t\t<div class=\"elementor-widget-container\">\n\t\t\t\t\t\t\t\t\t<p>A compl\u00e9ter. Aller sur le site https:\/\/www.tiffencoge.fr.<\/p>\t\t\t\t\t\t\t\t<\/div>\n\t\t\t\t<\/div>\n\t\t\t\t\t<\/div>\n\t\t<\/div>\n\t\t\t\t\t<\/div>\n\t\t<\/section>\n\t\t\t\t<section class=\"elementor-section elementor-top-section elementor-element elementor-element-e1d2dba elementor-section-boxed elementor-section-height-default elementor-section-height-default\" data-id=\"e1d2dba\" data-element_type=\"section\" data-e-type=\"section\">\n\t\t\t\t\t\t<div class=\"elementor-container elementor-column-gap-default\">\n\t\t\t\t\t<div class=\"elementor-column elementor-col-100 elementor-top-column elementor-element elementor-element-db388a8\" data-id=\"db388a8\" data-element_type=\"column\" data-e-type=\"column\">\n\t\t\t<div class=\"elementor-widget-wrap elementor-element-populated\">\n\t\t\t\t\t\t<div class=\"elementor-element elementor-element-e84ecfa elementor-widget elementor-widget-spacer\" data-id=\"e84ecfa\" data-element_type=\"widget\" data-e-type=\"widget\" data-widget_type=\"spacer.default\">\n\t\t\t\t<div class=\"elementor-widget-container\">\n\t\t\t\t\t\t\t<div class=\"elementor-spacer\">\n\t\t\t<div class=\"elementor-spacer-inner\"><\/div>\n\t\t<\/div>\n\t\t\t\t\t\t<\/div>\n\t\t\t\t<\/div>\n\t\t\t\t\t<\/div>\n\t\t<\/div>\n\t\t\t\t\t<\/div>\n\t\t<\/section>\n\t\t\t\t<section class=\"elementor-section elementor-top-section elementor-element elementor-element-7f97dd4 elementor-section-boxed elementor-section-height-default elementor-section-height-default\" data-id=\"7f97dd4\" data-element_type=\"section\" data-e-type=\"section\" data-settings=\"{&quot;background_background&quot;:&quot;classic&quot;}\">\n\t\t\t\t\t\t<div class=\"elementor-container elementor-column-gap-default\">\n\t\t\t\t\t<div class=\"elementor-column elementor-col-100 elementor-top-column elementor-element elementor-element-64dedbe\" data-id=\"64dedbe\" data-element_type=\"column\" data-e-type=\"column\">\n\t\t\t<div class=\"elementor-widget-wrap elementor-element-populated\">\n\t\t\t\t\t\t<div class=\"elementor-element elementor-element-f677e3d elementor-widget elementor-widget-heading\" data-id=\"f677e3d\" data-element_type=\"widget\" data-e-type=\"widget\" data-widget_type=\"heading.default\">\n\t\t\t\t<div class=\"elementor-widget-container\">\n\t\t\t\t\t<h2 class=\"elementor-heading-title elementor-size-default\">Documents pratiques<\/h2>\t\t\t\t<\/div>\n\t\t\t\t<\/div>\n\t\t\t\t\t<\/div>\n\t\t<\/div>\n\t\t\t\t\t<\/div>\n\t\t<\/section>\n\t\t\t\t<section class=\"elementor-section elementor-top-section elementor-element elementor-element-1025b39c elementor-section-boxed elementor-section-height-default elementor-section-height-default\" data-id=\"1025b39c\" data-element_type=\"section\" data-e-type=\"section\">\n\t\t\t\t\t\t<div class=\"elementor-container elementor-column-gap-default\">\n\t\t\t\t\t<div class=\"elementor-column elementor-col-100 elementor-top-column elementor-element elementor-element-5e8a7b2d\" data-id=\"5e8a7b2d\" data-element_type=\"column\" data-e-type=\"column\">\n\t\t\t<div class=\"elementor-widget-wrap elementor-element-populated\">\n\t\t\t\t\t\t<div class=\"elementor-element elementor-element-fe6715c elementor-widget elementor-widget-text-editor\" data-id=\"fe6715c\" data-element_type=\"widget\" data-e-type=\"widget\" data-widget_type=\"text-editor.default\">\n\t\t\t\t<div class=\"elementor-widget-container\">\n\t\t\t\t\t\t\t\t\t<p style=\"padding-left: 80px;\">Vous trouverez ci-dessous les modes d&#8217;emploi des principales installations de chauffage et domotique de votre logement.<\/p><h4>IMPORTANT :<\/h4><ol><li>L&rsquo;\u00e9cran de domotique situ\u00e9 \u00e0 l&rsquo;entr\u00e9e de votre logement ne permet pas de r\u00e9gler la temp\u00e9rature de votre logement. Il ne vous servira qu&rsquo;\u00e0 contr\u00f4ler les volets roulants, ainsi que les lumi\u00e8res.<\/li><li>Votre logement ne comporte qu&rsquo;une seule zone \u00e0 chauffer, avec une seule sonde de temp\u00e9rature. C&rsquo;est cette derni\u00e8re qui doit \u00eatre calibr\u00e9e et configur\u00e9e dans la centrale de thermor\u00e9gulation pour r\u00e9guler correctement la temp\u00e9rature dans votre appartement.<\/li><\/ol><h4>Modes d&#8217;emploi et pi\u00e8ces de rechange :<\/h4><ol><li><a href=\"http:\/\/37bontemps.fr\/wp-content\/uploads\/2016\/02\/LIVRET-DU-PROPIETAIRE.pdf\" rel=\"\">Livret du Propri\u00e9taire<\/a><\/li><li><a href=\"http:\/\/37bontemps.fr\/wp-content\/uploads\/2016\/02\/LIVRET-VERT.pdf\" rel=\"\">Livret Vert<\/a><\/li><li><a href=\"http:\/\/37bontemps.fr\/docs\/U1807C.pdf\" target=\"_blank\" rel=\"noopener\">La centrale de thermor\u00e9gulation Bticino<\/a><\/li><li><a href=\"http:\/\/37bontemps.fr\/docs\/irprogacovafrv11.pdf\">Le s\u00e8che-serviette Acova<\/a><ul><li><a href=\"https:\/\/37bontemps.fr\/wp-content\/uploads\/2022\/10\/productattachments_files_n_o_notice_boitier_de_commande.pdf\">Notice du boitier<\/a><\/li><li><a href=\"https:\/\/www.cyber-confort.fr\/boitier-de-commande-ir-prog.html\">pour commander<\/a> un nouveau boitier<\/li><\/ul><\/li><li><a href=\"http:\/\/37bontemps.fr\/wp-content\/uploads\/2016\/02\/MDemploi-\u00e9cran-My-Home.pdf\" rel=\"\">Mode d&#8217;emploi de l&rsquo;\u00e9cran My Home<\/a><\/li><li><a href=\"https:\/\/www.leroymerlin.fr\/v3\/search\/search.do?keyword=Capot+m%C3%A9tal+chrom%C3%A9+D+120+mm+pour+bonde+de+receveur%2C+VALENTIN\">Bonde de douche<\/a><\/li><li><a href=\"http:\/\/37bontemps.fr\/wp-content\/uploads\/2017\/11\/diagnostic_fuites_chasse-d-eau.pdf\">Guide pour r\u00e9parer votre chasse d&rsquo;eau<\/a><\/li><\/ol><p style=\"padding-left: 30px;\">Si vous avez une fuite d&rsquo;eau dans vos toilettes, vous pouvez commander les pi\u00e8ces suivantes sur le site\u00a0<a href=\"http:\/\/www.laboutiquemultiserviceshabitat.com\">http:\/\/www.laboutiquemultiserviceshabitat.com :<\/a><\/p><p style=\"padding-left: 60px;\">SIAMP 30 9580 07 &#8211; OD 95L Robinet flotteur lat\u00e9ral hydraulique \u00e0 ouverture diff\u00e9r\u00e9e.\u00a0(Code: S30958007). Prix: 24,48 \u20ac<\/p><p style=\"padding-left: 60px;\">SIAMP 34 1421 07 Robinet d&rsquo;arr\u00eat WC 1\/4 de Tour 80B. (Code: S34142107). Prix: 9,00 \u20ac<\/p><h4>Autres :<\/h4><ol><li><a href=\"http:\/\/37bontemps.fr\/wp-content\/uploads\/2016\/06\/etiquette-boite-aux-lettres-v2.pdf\">Mod\u00e8le d&rsquo;\u00e9tiquettes pour votre\u00a0bo\u00eete \u00e0 lettres<\/a><\/li><\/ol><div><span style=\"color: #727272;\">\u00a0<\/span><\/div>\t\t\t\t\t\t\t\t<\/div>\n\t\t\t\t<\/div>\n\t\t\t\t\t<\/div>\n\t\t<\/div>\n\t\t\t\t\t<\/div>\n\t\t<\/section>\n\t\t\t\t<\/div>\n\t\t","protected":false},"excerpt":{"rendered":"<p>R\u00e9glement de copropri\u00e9t\u00e9 Ce r\u00e8glement est applicable \u00e0 toutes et tous, copropri\u00e9taires et locataires. D\u00e9mat\u00e9rialisation A compl\u00e9ter. Aller sur le site https:\/\/www.tiffencoge.fr. Documents pratiques Vous trouverez ci-dessous les modes d&#8217;emploi des principales installations de chauffage et domotique de votre logement. IMPORTANT : L&rsquo;\u00e9cran de domotique situ\u00e9 \u00e0 l&rsquo;entr\u00e9e de votre logement ne permet pas de [&hellip;]<\/p>\n","protected":false},"author":1,"featured_media":0,"parent":0,"menu_order":0,"comment_status":"closed","ping_status":"closed","template":"","meta":{"footnotes":""},"class_list":["post-97","page","type-page","status-publish","hentry"],"_links":{"self":[{"href":"https:\/\/37bontemps.fr\/index.php\/wp-json\/wp\/v2\/pages\/97","targetHints":{"allow":["GET"]}}],"collection":[{"href":"https:\/\/37bontemps.fr\/index.php\/wp-json\/wp\/v2\/pages"}],"about":[{"href":"https:\/\/37bontemps.fr\/index.php\/wp-json\/wp\/v2\/types\/page"}],"author":[{"embeddable":true,"href":"https:\/\/37bontemps.fr\/index.php\/wp-json\/wp\/v2\/users\/1"}],"replies":[{"embeddable":true,"href":"https:\/\/37bontemps.fr\/index.php\/wp-json\/wp\/v2\/comments?post=97"}],"version-history":[{"count":43,"href":"https:\/\/37bontemps.fr\/index.php\/wp-json\/wp\/v2\/pages\/97\/revisions"}],"predecessor-version":[{"id":543,"href":"https:\/\/37bontemps.fr\/index.php\/wp-json\/wp\/v2\/pages\/97\/revisions\/543"}],"wp:attachment":[{"href":"https:\/\/37bontemps.fr\/index.php\/wp-json\/wp\/v2\/media?parent=97"}],"curies":[{"name":"wp","href":"https:\/\/api.w.org\/{rel}","templated":true}]}}